{"id":132,"date":"2019-05-27T16:47:33","date_gmt":"2019-05-27T16:47:33","guid":{"rendered":"http:\/\/neuroscience.cl\/?page_id=132"},"modified":"2024-08-22T18:00:07","modified_gmt":"2024-08-22T18:00:07","slug":"inicio","status":"publish","type":"page","link":"https:\/\/neuroscience.cl\/index.php\/es\/","title":{"rendered":"Inicio"},"content":{"rendered":"\n<p>Bienvenido a la pagina web de la unidad de neurobiolog\u00eda del desarrollo perteneciente al Laboratorio de Investigaci\u00f3n en Ciencias Biom\u00e9dicas de la Universidad Cat\u00f3lica de la Sant\u00edsima Concepci\u00f3n <\/p>\n","protected":false},"excerpt":{"rendered":"<p>Bienvenido a la pagina web de la unidad de neurobiolog\u00eda del desarrollo perteneciente al Laboratorio de Investigaci\u00f3n en Ciencias Biom\u00e9dicas de la Universidad Cat\u00f3lica de la Sant\u00edsima Concepci\u00f3n<\/p>\n","protected":false},"author":3,"featured_media":0,"parent":0,"menu_order":0,"comment_status":"closed","ping_status":"closed","template":"","meta":{"footnotes":""},"class_list":["post-132","page","type-page","status-publish","hentry"],"_links":{"self":[{"href":"https:\/\/neuroscience.cl\/index.php\/wp-json\/wp\/v2\/pages\/132","targetHints":{"allow":["GET"]}}],"collection":[{"href":"https:\/\/neuroscience.cl\/index.php\/wp-json\/wp\/v2\/pages"}],"about":[{"href":"https:\/\/neuroscience.cl\/index.php\/wp-json\/wp\/v2\/types\/page"}],"author":[{"embeddable":true,"href":"https:\/\/neuroscience.cl\/index.php\/wp-json\/wp\/v2\/users\/3"}],"replies":[{"embeddable":true,"href":"https:\/\/neuroscience.cl\/index.php\/wp-json\/wp\/v2\/comments?post=132"}],"version-history":[{"count":0,"href":"https:\/\/neuroscience.cl\/index.php\/wp-json\/wp\/v2\/pages\/132\/revisions"}],"wp:attachment":[{"href":"https:\/\/neuroscience.cl\/index.php\/wp-json\/wp\/v2\/media?parent=132"}],"curies":[{"name":"wp","href":"https:\/\/api.w.org\/{rel}","templated":true}]}}