{"id":240,"date":"2019-07-04T02:05:42","date_gmt":"2019-07-04T02:05:42","guid":{"rendered":"http:\/\/neuroscience.cl\/?page_id=240"},"modified":"2022-05-31T14:10:13","modified_gmt":"2022-05-31T14:10:13","slug":"jorge-ojeda-phd","status":"publish","type":"page","link":"https:\/\/neuroscience.cl\/index.php\/jorge-ojeda-phd\/","title":{"rendered":"Jorge Ojeda, PhD"},"content":{"rendered":"\n<p><strong>Publications<\/strong><\/p>\n\n\n\n<p>Gut Microbiota-Brain Axis as a Potential Modulator of Psychological Stress after Spinal Cord Injury. Musleh-Vega S.,<strong>\u00a0Ojeda J.<\/strong>,\u00a0and Vidal PM. Biomedicines. 2022 Apr 4;10(4):847. doi: 10.3390\/biomedicines10040847. <a href=\"https:\/\/pubmed.ncbi.nlm.nih.gov\/35453597\/\" target=\"_blank\" rel=\"noreferrer noopener\">https:\/\/pubmed.ncbi.nlm.nih.gov\/35453597\/<\/a><\/p>\n\n\n\n<p><strong>Ojeda J<\/strong>., \u00c1vila A., and Vidal PM. Gut Microbiota Interaction with the Central Nervous System throughout Life. J Clin Med. 2021 Mar; 10(6): 1299. doi:\u00a010.3390\/jcm10061299 . <a href=\"https:\/\/www.ncbi.nlm.nih.gov\/pmc\/articles\/PMC8004117\/\" target=\"_blank\" rel=\"noreferrer noopener\">https:\/\/www.ncbi.nlm.nih.gov\/pmc\/articles\/PMC8004117\/<\/a><\/p>\n\n\n\n<p>Tejero R., Balk S.,  Franco-Espin J., <strong>Ojeda J<\/strong>., Hennlein L., Drexl H., Dombert B., Clausen JD.,  Torres-Benito L., Saal-Bauernschubert L., Briese M., Blum R. , Appenzeller S,  Tabares L., Jablonka S.  <strong>R-Roscovitine improves motoneuron function in mouse models for spinal muscular atrophy<\/strong> iScience. 2020 Feb 21;23(2):100826. doi: 10.1016\/j.isci.2020.100826. Epub  2020 Jan 10. <a href=\"https:\/\/www.ncbi.nlm.nih.gov\/pubmed\/31981925\">https:\/\/www.ncbi.nlm.nih.gov\/pubmed\/31981925 <\/a><\/p>\n\n\n\n<p><strong>Ojeda J., <\/strong>\u00c1vila A.  <strong>Early Actions of Neurotransmitters During Cortex Development and  Maturation of Reprogrammed Neurons<\/strong>.  Front Synaptic Neurosci.  2019 Nov  21;11:33. doi: 10.3389\/fnsyn.2019.00033. eCollection  2019.  <a href=\"https:\/\/www.frontiersin.org\/articles\/10.3389\/fnsyn.2019.00033\/full\">https:\/\/www.frontiersin.org\/articles\/10.3389\/fnsyn.2019.00033\/full<\/a><\/p>\n\n\n\n<p>Bermedo-Garc\u00eda F, <strong>Ojeda J<\/strong>, M\u00e9ndez-Olivos E, Marcellini S, Larra\u00edn J, Henr\u00edquez JP. <strong>The neuromuscular junction of Xenopus tadpoles: revisiting a classical model of early synaptogenesis and regeneration.<\/strong> Mechanisms of Development 2018. pii: S0925-4773(18)30039-X. doi: 10.1016\/j.mod.2018.05.008. <a href=\"https:\/\/www.ncbi.nlm.nih.gov\/pubmed\/29807117\">https:\/\/www.ncbi.nlm.nih.gov\/pubmed\/29807117<\/a><\/p>\n\n\n\n<p>Woehlbier U, Colombo A, Saaranen MJ, P\u00e9rez V, <strong>Ojeda J<\/strong>, Bustos FJ, Andreu CI, Torres M, Valenzuela V, Medinas DB, Rozas P, Vidal RL, Lopez-Gonzalez R, Salameh J, Fernandez-Collemann S, Mu\u00f1oz N, Matus S, Armisen R, Sagredo A, Palma K, Irrazabal T, Almeida S, Gonzalez-Perez P, Campero M, Gao FB, Henny P, van Zundert B, Ruddock  LW, Concha ML, Henriquez JP, Brown RH, Hetz C. <strong>ALS-linked protein  disulfide isomerase variants cause motor dysfunction<\/strong>. EMBO J. 2016 Apr  15;35(8):845-65.  <a href=\"https:\/\/www.ncbi.nlm.nih.gov\/pubmed\/26869642\">https:\/\/www.ncbi.nlm.nih.gov\/pubmed\/26869642<\/a><\/p>\n\n\n\n<p>Avil\u00e9s E, Pinto C, Hanna P, <strong>Ojeda J<\/strong>, P\u00e9rez V, De  Ferrari GV, Zamorano P, Albistur M, Sandoval D, Henr\u00edquez JP. <strong>Frizzled 9  impairs acetylcholine receptors clustering in skeletal muscle cells<\/strong>.  Front Cell Neurosci. 2014; 8: 110.<a href=\"https:\/\/www.ncbi.nlm.nih.gov\/pmc\/articles\/PMC4029016\/\"> https:\/\/www.ncbi.nlm.nih.gov\/pmc\/articles\/PMC4029016\/<\/a><a href=\"https:\/\/www.ncbi.nlm.nih.gov\/pubmed\/26869642\"><\/a><\/p>\n\n\n\n<p> Sandoval D, <strong>Ojeda J<\/strong>, Low M, Nualart F, Marcellini S and Henr\u00edquez JP.  <strong>The vitamin C transporter SVCT2 is down-regulated during early  post-natal development of slow skeletal muscle fibers.<\/strong> Histochem. Cell  Biol. 2013 Jun; 139(6):887-94. <a href=\"https:\/\/www.ncbi.nlm.nih.gov\/pubmed\/23329419\">https:\/\/www.ncbi.nlm.nih.gov\/pubmed\/23329419<\/a><\/p>\n","protected":false},"excerpt":{"rendered":"<p>Publications Gut Microbiota-Brain Axis as a Potential Modulator of Psychological Stress after Spinal Cord Injury. Musleh-Vega S.,\u00a0Ojeda J.,\u00a0and Vidal PM. Biomedicines. 2022 Apr 4;10(4):847. doi: 10.3390\/biomedicines10040847. https:\/\/pubmed.ncbi.nlm.nih.gov\/35453597\/ Ojeda J., \u00c1vila A., and Vidal PM. Gut Microbiota Interaction with the Central Nervous System throughout Life. J Clin Med. 2021 Mar; 10(6): 1299. doi:\u00a010.3390\/jcm10061299 . https:\/\/www.ncbi.nlm.nih.gov\/pmc\/articles\/PMC8004117\/ Tejero &hellip; <\/p>\n<p class=\"link-more\"><a href=\"https:\/\/neuroscience.cl\/index.php\/jorge-ojeda-phd\/\" class=\"more-link\">Continua leyendo<span class=\"screen-reader-text\"> &#8220;Jorge Ojeda, PhD&#8221;<\/span><\/a><\/p>\n","protected":false},"author":2,"featured_media":0,"parent":0,"menu_order":0,"comment_status":"closed","ping_status":"closed","template":"","meta":{"footnotes":""},"class_list":["post-240","page","type-page","status-publish","hentry"],"_links":{"self":[{"href":"https:\/\/neuroscience.cl\/index.php\/wp-json\/wp\/v2\/pages\/240","targetHints":{"allow":["GET"]}}],"collection":[{"href":"https:\/\/neuroscience.cl\/index.php\/wp-json\/wp\/v2\/pages"}],"about":[{"href":"https:\/\/neuroscience.cl\/index.php\/wp-json\/wp\/v2\/types\/page"}],"author":[{"embeddable":true,"href":"https:\/\/neuroscience.cl\/index.php\/wp-json\/wp\/v2\/users\/2"}],"replies":[{"embeddable":true,"href":"https:\/\/neuroscience.cl\/index.php\/wp-json\/wp\/v2\/comments?post=240"}],"version-history":[{"count":0,"href":"https:\/\/neuroscience.cl\/index.php\/wp-json\/wp\/v2\/pages\/240\/revisions"}],"wp:attachment":[{"href":"https:\/\/neuroscience.cl\/index.php\/wp-json\/wp\/v2\/media?parent=240"}],"curies":[{"name":"wp","href":"https:\/\/api.w.org\/{rel}","templated":true}]}}