{"id":248,"date":"2019-07-04T02:48:33","date_gmt":"2019-07-04T02:48:33","guid":{"rendered":"http:\/\/neuroscience.cl\/?page_id=248"},"modified":"2020-01-30T12:34:20","modified_gmt":"2020-01-30T12:34:20","slug":"ariel-avila-phd","status":"publish","type":"page","link":"https:\/\/neuroscience.cl\/index.php\/ariel-avila-phd\/","title":{"rendered":"Ariel \u00c1vila, PhD"},"content":{"rendered":"\n<p><strong>Education and degrees<\/strong><\/p>\n\n\n\n<p>2013, Doctor of Biomedical Science (jointly-awarded PhD program). University of Liege and University of Hasselt, Belgium.<\/p>\n\n\n\n<p>2008,\nBiochemist Entitlement. University of Concepcion, Concepcion, Chile. <\/p>\n\n\n\n<p>2007, Bachelor\nof Biochemistry. University of Concepcion, Concepcion, Chile. <\/p>\n\n\n\n<p><strong>Scientific career and occupations<\/strong><\/p>\n\n\n\n<p>January 2019 until present: Assistant Professor, Department of Basic Sciences, Faculty of Medicine, Universidad Cat\u00f3lica de la Sant\u00edsima Concepci\u00f3n, Concepci\u00f3n, Chile. <\/p>\n\n\n\n<p>January 2019 until present: Principal investigator. Neurodevelopmental biology unit, Biomedical Sciences Research Laboratory, UCSC, Concepci\u00f3n, Chile.<\/p>\n\n\n\n<p>August\n2017 until present: Founder and owner of Adelia Agr\u00edcola. Regi\u00f3n del \u00d1uble,\nChile. <a href=\"http:\/\/www.adelia.cl\">http:\/\/www.adelia.cl<\/a><\/p>\n\n\n\n<p>February\n2016 until September 2017: Post-Doctoral Fellow, Lunenfeld-Tanenbaum\nResearch Institute,&nbsp; Mount Sinai\nHospital, Toronto, Canada.<\/p>\n\n\n\n<p>July\n2014 until October 2015: Research Fellow, Neurosciences and Mental Health,\nPeter Gilgan Centre for Research and Learning, The Hospital for Sick Children\n(SickKids), Toronto, Canada.<\/p>\n\n\n\n<p>July\n2013 until November 2013: Post-Doctoral Researcher, Cell Physiology, BIOMED\nresearch institute, Hasselt University, Hasselt, Belgium.<\/p>\n\n\n\n<p>December\n2012 until June 2013: Staff Scientist, Cell Physiology, BIOMED&nbsp; research&nbsp;\ninstitute, Hasselt University, Hasselt, Belgium.<\/p>\n\n\n\n<p>December\n2008 until June 2013: PhD Student, Joint degree program. Transnational\nUniversity of Limburg (Hasselt University)\/ University of Liege, Belgium.<\/p>\n\n\n\n<p>November\n2007 until November 2008: Thesis Student, University of&nbsp; Concepcion, Concepcion,&nbsp; Chile.<\/p>\n\n\n\n<p>March\n2006 until November 2007: Assistant student. Neurophysiology Laboratory,\nDepartment of Physiology,&nbsp;&nbsp; Faculty&nbsp;&nbsp; of&nbsp;&nbsp;\nBiological&nbsp;&nbsp; Sciences,&nbsp;&nbsp; University&nbsp;&nbsp;\nof&nbsp;&nbsp; Concepcion,&nbsp;&nbsp; Concepcion,&nbsp;&nbsp;\nChile.<\/p>\n","protected":false},"excerpt":{"rendered":"<p>Education and degrees 2013, Doctor of Biomedical Science (jointly-awarded PhD program). University of Liege and University of Hasselt, Belgium. 2008, Biochemist Entitlement. University of Concepcion, Concepcion, Chile. 2007, Bachelor of Biochemistry. University of Concepcion, Concepcion, Chile. Scientific career and occupations January 2019 until present: Assistant Professor, Department of Basic Sciences, Faculty of Medicine, Universidad Cat\u00f3lica &hellip; <\/p>\n<p class=\"link-more\"><a href=\"https:\/\/neuroscience.cl\/index.php\/ariel-avila-phd\/\" class=\"more-link\">Continua leyendo<span class=\"screen-reader-text\"> &#8220;Ariel \u00c1vila, PhD&#8221;<\/span><\/a><\/p>\n","protected":false},"author":2,"featured_media":0,"parent":0,"menu_order":0,"comment_status":"closed","ping_status":"closed","template":"","meta":{"footnotes":""},"class_list":["post-248","page","type-page","status-publish","hentry"],"_links":{"self":[{"href":"https:\/\/neuroscience.cl\/index.php\/wp-json\/wp\/v2\/pages\/248","targetHints":{"allow":["GET"]}}],"collection":[{"href":"https:\/\/neuroscience.cl\/index.php\/wp-json\/wp\/v2\/pages"}],"about":[{"href":"https:\/\/neuroscience.cl\/index.php\/wp-json\/wp\/v2\/types\/page"}],"author":[{"embeddable":true,"href":"https:\/\/neuroscience.cl\/index.php\/wp-json\/wp\/v2\/users\/2"}],"replies":[{"embeddable":true,"href":"https:\/\/neuroscience.cl\/index.php\/wp-json\/wp\/v2\/comments?post=248"}],"version-history":[{"count":0,"href":"https:\/\/neuroscience.cl\/index.php\/wp-json\/wp\/v2\/pages\/248\/revisions"}],"wp:attachment":[{"href":"https:\/\/neuroscience.cl\/index.php\/wp-json\/wp\/v2\/media?parent=248"}],"curies":[{"name":"wp","href":"https:\/\/api.w.org\/{rel}","templated":true}]}}