{"id":290,"date":"2021-01-16T00:41:44","date_gmt":"2021-01-16T00:41:44","guid":{"rendered":"http:\/\/neuroscience.cl\/?page_id=290"},"modified":"2026-03-13T08:56:00","modified_gmt":"2026-03-13T08:56:00","slug":"docencia","status":"publish","type":"page","link":"https:\/\/neuroscience.cl\/index.php\/es\/docencia\/","title":{"rendered":"Docencia"},"content":{"rendered":"\n<p>Material docente asociado al curso fisiolog\u00eda humana para educaci\u00f3n f\u00edsica (MD0005C)<\/p>\n\n\n\n<p><a href=\"https:\/\/365ucsc-my.sharepoint.com\/:v:\/g\/personal\/aavila_ucsc_cl\/ERWN4_cOU_hNpYyjKbcxshMBspQKReLb-BOi8u7pVzVM2A?e=WTXID4\" target=\"_blank\" rel=\"noreferrer noopener\" aria-label=\" (opens in a new tab)\">Cultivo celular<\/a><\/p>\n\n\n\n<p><a href=\"https:\/\/365ucsc-my.sharepoint.com\/:v:\/g\/personal\/aavila_ucsc_cl\/EdUHf-pkoLBEkQjkGMh-tMkBghu8xD6PAcFeSiVGr16u5A?e=Dzb32g\" target=\"_blank\" rel=\"noreferrer noopener\" aria-label=\"Marcaje de c\u00e9lulas como herramienta de estudio (opens in a new tab)\">Marcaje de c\u00e9lulas como herramienta de estudio<\/a><\/p>\n\n\n\n<p> <a href=\"https:\/\/365ucsc-my.sharepoint.com\/:v:\/g\/personal\/aavila_ucsc_cl\/EcMrJ-7WSbhDuwP1-ZA65MsB29Oih9oRBms-MavIe2GYvw?e=GvzZJG\" target=\"_blank\" rel=\"noreferrer noopener\" aria-label=\"Miog\u00e9nesis (opens in a new tab)\">Miog\u00e9nesis<\/a><\/p>\n\n\n\n<p><a rel=\"noreferrer noopener\" aria-label=\"Animaci\u00f3n resumen neurotransmisi\u00f3n (opens in a new tab)\" href=\"https:\/\/365ucsc-my.sharepoint.com\/:v:\/g\/personal\/aavila_ucsc_cl\/EY8RBT_4UptGtFwfG3aKNcUBXG2s2tdK_YDLqrfKiYC3Gg?e=cvet0f\" target=\"_blank\">Animaci\u00f3n resumen neurotransmisi\u00f3n<\/a><\/p>\n\n\n\n<p><a href=\"https:\/\/365ucsc-my.sharepoint.com\/:v:\/g\/personal\/aavila_ucsc_cl\/Eab6g98THPZAmPxyyWf2ehsBghqrVHI1MNGPNjxPDBZMHA?e=xn6wJ8\" target=\"_blank\" rel=\"noreferrer noopener\" aria-label=\"Impulso nervioso (opens in a new tab)\">Impulso nervioso<\/a><\/p>\n\n\n\n<p><\/p>\n","protected":false},"excerpt":{"rendered":"<p>Material docente asociado al curso fisiolog\u00eda humana para educaci\u00f3n f\u00edsica (MD0005C) Cultivo celular Marcaje de c\u00e9lulas como herramienta de estudio Miog\u00e9nesis Animaci\u00f3n resumen neurotransmisi\u00f3n Impulso nervioso<\/p>\n","protected":false},"author":2,"featured_media":0,"parent":0,"menu_order":0,"comment_status":"closed","ping_status":"closed","template":"","meta":{"footnotes":""},"class_list":["post-290","page","type-page","status-publish","hentry"],"_links":{"self":[{"href":"https:\/\/neuroscience.cl\/index.php\/wp-json\/wp\/v2\/pages\/290","targetHints":{"allow":["GET"]}}],"collection":[{"href":"https:\/\/neuroscience.cl\/index.php\/wp-json\/wp\/v2\/pages"}],"about":[{"href":"https:\/\/neuroscience.cl\/index.php\/wp-json\/wp\/v2\/types\/page"}],"author":[{"embeddable":true,"href":"https:\/\/neuroscience.cl\/index.php\/wp-json\/wp\/v2\/users\/2"}],"replies":[{"embeddable":true,"href":"https:\/\/neuroscience.cl\/index.php\/wp-json\/wp\/v2\/comments?post=290"}],"version-history":[{"count":1,"href":"https:\/\/neuroscience.cl\/index.php\/wp-json\/wp\/v2\/pages\/290\/revisions"}],"predecessor-version":[{"id":423,"href":"https:\/\/neuroscience.cl\/index.php\/wp-json\/wp\/v2\/pages\/290\/revisions\/423"}],"wp:attachment":[{"href":"https:\/\/neuroscience.cl\/index.php\/wp-json\/wp\/v2\/media?parent=290"}],"curies":[{"name":"wp","href":"https:\/\/api.w.org\/{rel}","templated":true}]}}